{"id":459,"date":"2017-09-06T10:38:18","date_gmt":"2017-09-06T10:38:18","guid":{"rendered":"http:\/\/maisdente.com.br\/?page_id=459"},"modified":"2024-06-21T14:45:10","modified_gmt":"2024-06-21T17:45:10","slug":"home-1","status":"publish","type":"page","link":"https:\/\/maisdente.com.br\/","title":{"rendered":"Home"},"content":{"rendered":"<p>[vc_row full_width=&#8221;stretch_row_content&#8221; css=&#8221;.vc_custom_1645078623127{background-color: #a07822 !important;}&#8221;][vc_column width=&#8221;1\/4&#8243;][\/vc_column][vc_column width=&#8221;1\/4&#8243;][vc_single_image image=&#8221;1360&#8243; img_size=&#8221;367X92&#8243; onclick=&#8221;custom_link&#8221; link=&#8221;https:\/\/api.whatsapp.com\/send\/?phone=5571993239941&amp;text&amp;app_absent=0&#8243;][\/vc_column][vc_column width=&#8221;1\/4&#8243;][vc_single_image image=&#8221;1361&#8243; img_size=&#8221;367X92&#8243; onclick=&#8221;custom_link&#8221; link=&#8221;tel:7132522986&#8243;][\/vc_column][vc_column width=&#8221;1\/4&#8243;][\/vc_column][\/vc_row][vc_row full_width=&#8221;stretch_row_content_no_spaces&#8221; css=&#8221;.vc_custom_1637722764395{background-color: #000000 !important;}&#8221;][vc_column][vc_gallery type=&#8221;nivo&#8221; interval=&#8221;5&#8243; images=&#8221;1021&#8243; img_size=&#8221;full&#8221; onclick=&#8221;&#8221;][vc_empty_space alter_height=&#8221;medium&#8221; hide_on_desktop=&#8221;&#8221; hide_on_notebook=&#8221;&#8221; hide_on_tablet=&#8221;&#8221; hide_on_mobile=&#8221;&#8221;][\/vc_column][\/vc_row][vc_row full_width=&#8221;stretch_row&#8221; full_height=&#8221;yes&#8221; content_placement=&#8221;middle&#8221; scheme=&#8221;default&#8221; hide_bg_image_on_tablet=&#8221;&#8221; hide_bg_image_on_mobile=&#8221;&#8221; el_class=&#8221;sc_layouts_741&#8243; css=&#8221;.vc_custom_1637743197591{background-color: #000000 !important;}&#8221; el_id=&#8221;especialidades&#8221;][vc_column hide_bg_image_on_tablet=&#8221;&#8221; hide_bg_image_on_mobile=&#8221;&#8221; icons_position=&#8221;left&#8221; css=&#8221;.vc_custom_1637737546715{background-color: #000000 !important;background-size: cover !important;}&#8221; offset=&#8221;vc_col-md-6&#8243;][vc_empty_space hide_on_desktop=&#8221;&#8221; hide_on_notebook=&#8221;&#8221; hide_on_tablet=&#8221;&#8221; hide_on_mobile=&#8221;&#8221;]<div id=\"sc_title_1293627832\"\n\t\tclass=\"sc_title color_style_link2 sc_title_default\"><h6 class=\"sc_item_subtitle sc_title_subtitle sc_align_center sc_item_title_style_default\"><span>CONHE\u00c7A AS NOSSAS<\/span><\/h6><h2 class=\"sc_item_title sc_title_title sc_align_center sc_item_title_style_default sc_item_title_tag\">ESPECIALIDADES<\/h2><div class=\"sc_item_button sc_button_wrap sc_align_center\"><a href=\"https:\/\/api.whatsapp.com\/send\/?phone=5571993239941&#038;text&#038;app_absent=0\" id=\"sc_button_575935058\" class=\"sc_button color_style_link2 sc_button_default sc_item_button sc_item_button_default sc_title_button sc_button_size_normal sc_button_icon_left\"><span class=\"sc_button_text\"><span class=\"sc_button_title\">SAIBA MAIS<\/span><\/span><!-- \/.sc_button_text --><\/a><!-- \/.sc_button --><\/div><!-- \/.sc_item_button --><\/div><!-- \/.sc_title -->[\/vc_column][vc_column icons_position=&#8221;left&#8221; offset=&#8221;vc_col-md-6&#8243; css=&#8221;.vc_custom_1637737535944{background-color: #000000 !important;}&#8221;][vc_empty_space hide_on_desktop=&#8221;&#8221; hide_on_notebook=&#8221;&#8221; hide_on_tablet=&#8221;&#8221; hide_on_mobile=&#8221;&#8221;][vc_images_carousel images=&#8221;1025,1267,1268,1269,1270,1271,1272,1273,1274,1275,1276&#8243; img_size=&#8221;500&#8243; onclick=&#8221;link_no&#8221; speed=&#8221;2500&#8243; autoplay=&#8221;yes&#8221; hide_pagination_control=&#8221;yes&#8221; wrap=&#8221;yes&#8221;][\/vc_column][vc_column][vc_empty_space alter_height=&#8221;medium&#8221; hide_on_desktop=&#8221;&#8221; hide_on_notebook=&#8221;&#8221; hide_on_tablet=&#8221;&#8221; hide_on_mobile=&#8221;&#8221;][\/vc_column][\/vc_row][vc_row full_width=&#8221;stretch_row&#8221; css=&#8221;.vc_custom_1637743188730{background-color: #f5cf67 !important;}&#8221; el_id=&#8221;vantagens&#8221;][vc_column icons_position=&#8221;left&#8221;][vc_empty_space height=&#8221;10px&#8221; hide_on_desktop=&#8221;&#8221; hide_on_notebook=&#8221;&#8221; hide_on_tablet=&#8221;&#8221; hide_on_mobile=&#8221;&#8221; css=&#8221;.vc_custom_1637724408460{margin-top: 5rem !important;}&#8221;]<div id=\"sc_title_1647999613\"\n\t\tclass=\"sc_title color_style_link3 sc_title_default\"><h6 class=\"sc_item_subtitle sc_title_subtitle sc_align_center sc_item_title_style_default\"><span>QUAIS S\u00c3O AS<\/span><\/h6><h2 class=\"sc_item_title sc_title_title sc_align_center sc_item_title_style_default sc_item_title_tag\">AS VANTAGENS<\/h2><\/div><!-- \/.sc_title -->[vc_empty_space hide_on_desktop=&#8221;&#8221; hide_on_notebook=&#8221;&#8221; hide_on_tablet=&#8221;&#8221; hide_on_mobile=&#8221;&#8221; css=&#8221;.vc_custom_1637724414268{margin-top: 5rem !important;}&#8221;][\/vc_column][\/vc_row][vc_row full_width=&#8221;stretch_row&#8221; css=&#8221;.vc_custom_1637723889489{background-color: #f5cf67 !important;}&#8221;][vc_column width=&#8221;1\/4&#8243; icons_position=&#8221;left&#8221;]<div id=\"sc_icons_833125109\" \n\tclass=\"sc_icons sc_icons_default sc_icons_size_large sc_align_center\"><div class=\"sc_icons_item\"><div class=\"sc_icons_image\"><img src=\"https:\/\/maisdente.com.br\/wp-content\/uploads\/2021\/11\/dentist.png\" alt=\"\" width=\"69\" height=\"94\"><\/div><h4 class=\"sc_icons_item_title\"><span>ESPECIALISTAS  EXPERIENTES,  \u00c9TICOS E  COMPROMETIDOS<\/span><\/h4><\/div><\/div><!-- \/.sc_icons -->[\/vc_column][vc_column width=&#8221;1\/4&#8243;]<div id=\"sc_icons_1396661350\" \n\tclass=\"sc_icons sc_icons_default sc_icons_size_large sc_align_center\"><div class=\"sc_icons_item sc_icons_item_linked\"><div class=\"sc_icons_image\"><img src=\"https:\/\/maisdente.com.br\/wp-content\/uploads\/2021\/11\/dentist-1.png\" alt=\"\" width=\"94\" height=\"92\"><\/div><h4 class=\"sc_icons_item_title\"><span>ATENDIMENTO HUMANIZADO<\/span><\/h4><a href=\"\" class=\"sc_icons_item_link\"><\/a><\/div><\/div><!-- \/.sc_icons -->[\/vc_column][vc_column width=&#8221;1\/4&#8243;]<div id=\"sc_icons_2022301427\" \n\tclass=\"sc_icons sc_icons_default sc_icons_size_large sc_align_center\"><div class=\"sc_icons_item sc_icons_item_linked\"><div class=\"sc_icons_image\"><img src=\"https:\/\/maisdente.com.br\/wp-content\/uploads\/2021\/11\/quality.png\" alt=\"\" width=\"93\" height=\"93\"><\/div><h4 class=\"sc_icons_item_title\"><span>GARANTIA  EM TODOS OS TRATAMENTOS<\/span><\/h4><a href=\"\" class=\"sc_icons_item_link\"><\/a><\/div><\/div><!-- \/.sc_icons -->[\/vc_column][vc_column width=&#8221;1\/4&#8243;]<div id=\"sc_icons_148691747\" \n\tclass=\"sc_icons sc_icons_default sc_icons_size_large sc_align_center\"><div class=\"sc_icons_item sc_icons_item_linked\"><div class=\"sc_icons_image\"><img src=\"https:\/\/maisdente.com.br\/wp-content\/uploads\/2021\/11\/wallet.png\" alt=\"\" width=\"90\" height=\"93\"><\/div><h4 class=\"sc_icons_item_title\"><span>QUALIDADE E O VALOR QUE CABE NO BOLSO<\/span><\/h4><a href=\"\" class=\"sc_icons_item_link\"><\/a><\/div><\/div><!-- \/.sc_icons -->[\/vc_column][\/vc_row][vc_row full_width=&#8221;stretch_row&#8221; css=&#8221;.vc_custom_1637723889489{background-color: #f5cf67 !important;}&#8221;][vc_column icons_position=&#8221;left&#8221;][vc_empty_space height=&#8221;10px&#8221; hide_on_desktop=&#8221;&#8221; hide_on_notebook=&#8221;&#8221; hide_on_tablet=&#8221;&#8221; hide_on_mobile=&#8221;&#8221; css=&#8221;.vc_custom_1637724408460{margin-top: 5rem !important;}&#8221;][\/vc_column][\/vc_row][vc_row full_width=&#8221;stretch_row&#8221; equal_height=&#8221;yes&#8221; content_placement=&#8221;middle&#8221; hide_bg_image_on_tablet=&#8221;&#8221; hide_bg_image_on_mobile=&#8221;&#8221; css=&#8221;.vc_custom_1638229445337{background-image: url(http:\/\/maisdente.com.br\/wp-content\/uploads\/2021\/11\/TRABALHE-CONOSCO-1.png?id=1059) !important;background-position: center !important;background-repeat: no-repeat !important;background-size: cover !important;}&#8221; el_id=&#8221;quemsomos&#8221;][vc_column][vc_empty_space alter_height=&#8221;medium&#8221; hide_on_desktop=&#8221;&#8221; hide_on_notebook=&#8221;&#8221; hide_on_tablet=&#8221;1&#8243; hide_on_mobile=&#8221;1&#8243;][\/vc_column][vc_column][vc_btn title=&#8221;TRABALHE CONOSCO&#8221; style=&#8221;classic&#8221; color=&#8221;orange&#8221; size=&#8221;lg&#8221; align=&#8221;center&#8221; link=&#8221;url:https%3A%2F%2Fmaisdente.com.br%2Findex.php%2Ftrabalheconosco%2F&#8221;][\/vc_column][vc_column][vc_empty_space alter_height=&#8221;medium&#8221; hide_on_desktop=&#8221;&#8221; hide_on_notebook=&#8221;&#8221; hide_on_tablet=&#8221;1&#8243; hide_on_mobile=&#8221;1&#8243;][\/vc_column][\/vc_row][vc_row full_width=&#8221;stretch_row&#8221; hide_bg_image_on_tablet=&#8221;&#8221; hide_bg_image_on_mobile=&#8221;&#8221; css=&#8221;.vc_custom_1637741941893{background-color: #ffffff !important;}&#8221;][vc_column icons_position=&#8221;left&#8221;][vc_empty_space height=&#8221;10px&#8221; hide_on_desktop=&#8221;&#8221; hide_on_notebook=&#8221;&#8221; hide_on_tablet=&#8221;&#8221; hide_on_mobile=&#8221;&#8221; css=&#8221;.vc_custom_1637724408460{margin-top: 5rem !important;}&#8221;]<div id=\"sc_title_489214251\"\n\t\tclass=\"sc_title color_style_link3 sc_title_default\"><h6 class=\"sc_item_subtitle sc_title_subtitle sc_align_center sc_item_title_style_default\"><span>UM POUCO DE<\/span><\/h6><h2 class=\"sc_item_title sc_title_title sc_align_center sc_item_title_style_default sc_item_title_tag\">QUEM SOMOS<\/h2><\/div><!-- \/.sc_title -->[vc_empty_space height=&#8221;10px&#8221; hide_on_desktop=&#8221;&#8221; hide_on_notebook=&#8221;&#8221; hide_on_tablet=&#8221;&#8221; hide_on_mobile=&#8221;&#8221; css=&#8221;.vc_custom_1637724408460{margin-top: 5rem !important;}&#8221;][\/vc_column][\/vc_row][vc_row full_width=&#8221;stretch_row&#8221; css=&#8221;.vc_custom_1637741946922{background-color: #ffffff !important;}&#8221;][vc_column icons_position=&#8221;left&#8221;][vc_column_text scheme=&#8221;dark&#8221;]<\/p>\n<p style=\"text-align: center;\">Em 1997 aportamos em Lauro de Freitas procurando implantar um consult\u00f3rio diferenciado. Escolhemos o bairro de Itinga pela proximidade do aeroporto pela sua diversidade social e cultural, na \u00e9poca para nossa surpresa n\u00e3o existia consult\u00f3rios odontol\u00f3gicos na regi\u00e3o<\/p>\n<p style=\"text-align: center;\">Ap\u00f3s 25 anos de dedica\u00e7\u00e3o a sa\u00fade bucal dos nossos pacientes, somos refer\u00eancia n\u00e3o s\u00f3 na regi\u00e3o de Lauro de Freitas e capital, mas em diversas cidades vizinhas.<\/p>\n<p style=\"text-align: center;\">Somos refer\u00eancia em Implantes Dent\u00e1rios, Pr\u00f3teses e Ortodontia, tamb\u00e9m somos craques em cirurgias de baixa, m\u00e9dia e alta complexidade, Endodontia, Periodontia, harmoniza\u00e7\u00e3o e cl\u00ednica geral dentre outras especialidades. tratamos nossos pacientes sempre com muito respeito, compromisso, \u00e9tica e profissionalismo. Nossa Cl\u00ednica al\u00e9m de possuir sede pr\u00f3pria, disp\u00f5e de Centro Cir\u00fargico de ponta, Radiografia digital de \u00faltima gera\u00e7\u00e3o e diversos equipamentos a fim de proporcionar tratamentos r\u00e1pidos, personalizados, seguros, praticamente indolores e eficazes.<\/p>\n<p style=\"text-align: center;\">A Mais Dente possui em seu quadro diversos (as) dentistas especialistas e colaboradoras no mais alto padr\u00e3o de excel\u00eancia, sempre garantindo todos os procedimentos realizados.<\/p>\n<p>[\/vc_column_text][vc_empty_space height=&#8221;10px&#8221; hide_on_desktop=&#8221;&#8221; hide_on_notebook=&#8221;&#8221; hide_on_tablet=&#8221;&#8221; hide_on_mobile=&#8221;&#8221; css=&#8221;.vc_custom_1637724408460{margin-top: 5rem !important;}&#8221;][\/vc_column][\/vc_row][vc_row full_width=&#8221;stretch_row&#8221; content_placement=&#8221;middle&#8221; css=&#8221;.vc_custom_1637728014917{background-image: url(http:\/\/maisdente.com.br\/wp-content\/uploads\/2021\/11\/bg-Sueli-Niesprodzinski.png?id=1069) !important;background-position: center !important;background-repeat: no-repeat !important;background-size: cover !important;}&#8221;][vc_column width=&#8221;1\/2&#8243; icons_position=&#8221;left&#8221;][vc_empty_space height=&#8221;10px&#8221; hide_on_desktop=&#8221;&#8221; hide_on_notebook=&#8221;&#8221; hide_on_tablet=&#8221;&#8221; hide_on_mobile=&#8221;&#8221; css=&#8221;.vc_custom_1637724408460{margin-top: 5rem !important;}&#8221;][vc_single_image image=&#8221;1063&#8243; img_size=&#8221;323&#215;374&#8243; alignment=&#8221;center&#8221;][vc_empty_space height=&#8221;0&#8243; hide_on_desktop=&#8221;&#8221; hide_on_notebook=&#8221;&#8221; hide_on_tablet=&#8221;&#8221; hide_on_mobile=&#8221;&#8221; css=&#8221;.vc_custom_1637727913000{margin-top: 5rem !important;}&#8221;][\/vc_column][vc_column width=&#8221;1\/2&#8243;]<div id=\"sc_title_748032816\"\n\t\tclass=\"sc_title color_style_link3 sc_title_default\"><h6 class=\"sc_item_subtitle sc_title_subtitle sc_align_left sc_item_title_style_default\"><span>DRA. SUELI NIESPRODZINSKI<\/span><\/h6><\/div><!-- \/.sc_title -->[vc_column_text scheme=&#8221;dark&#8221;]<\/p>\n<ul>\n<li>Graduada em Odontologia pela UFBA;<\/li>\n<li>\u00a0Especialista em Implantodontia pelo CEBEO;<\/li>\n<li>\u00a0Especialista em Ortodontia pelo NEOBA;<\/li>\n<li>\u00a0Especialista em Pr\u00f3tese pela ABO;<\/li>\n<li>Mestre em Farmacologia pela UFC &#8211; Universidade Federal do Cear\u00e1;<\/li>\n<li>Colaboradora em diversas revistas especializadas.<\/li>\n<\/ul>\n<p>[\/vc_column_text][\/vc_column][\/vc_row][vc_row full_width=&#8221;stretch_row_content_no_spaces&#8221; equal_height=&#8221;yes&#8221; hide_bg_image_on_tablet=&#8221;&#8221; hide_bg_image_on_mobile=&#8221;&#8221;][vc_column width=&#8221;1\/4&#8243;][vc_single_image image=&#8221;1389&#8243; img_size=&#8221;400&#8243; alignment=&#8221;center&#8221; onclick=&#8221;link_image&#8221;][\/vc_column][vc_column width=&#8221;1\/4&#8243;][vc_single_image image=&#8221;1391&#8243; img_size=&#8221;400&#8243; alignment=&#8221;center&#8221; onclick=&#8221;link_image&#8221;][\/vc_column][vc_column width=&#8221;1\/4&#8243;][vc_single_image image=&#8221;1393&#8243; img_size=&#8221;400&#8243; alignment=&#8221;center&#8221; onclick=&#8221;link_image&#8221;][\/vc_column][vc_column width=&#8221;1\/4&#8243;][vc_single_image image=&#8221;1395&#8243; img_size=&#8221;400&#8243; alignment=&#8221;center&#8221; onclick=&#8221;link_image&#8221;][\/vc_column][vc_column el_id=&#8221;localizacao&#8221;][vc_gmaps link=&#8221;#E-8_JTNDaWZyYW1lJTIwc3JjJTNEJTIyaHR0cHMlM0ElMkYlMkZ3d3cuZ29vZ2xlLmNvbSUyRm1hcHMlMkZlbWJlZCUzRnBiJTNEJTIxMW0xNCUyMTFtOCUyMTFtMyUyMTFkMTU1NTYuODg5ODY5NDk0NTM1JTIxMmQtMzguMzQ3ODg4NSUyMTNkLTEyLjg5MzQxMTclMjEzbTIlMjExaTEwMjQlMjEyaTc2OCUyMTRmMTMuMSUyMTNtMyUyMTFtMiUyMTFzMHgwJTI1M0EweGE0Y2UwN2E0YjAyMDBkZjIlMjEyc0NsJTI1QzMlMjVBRG5pY2ElMjUyME9kb250b2xvZ2ljYSUyNTIwTWFpcyUyNTIwRGVudGUlMjE1ZTAlMjEzbTIlMjExc3B0LUJSJTIxMnNiciUyMTR2MTYzNzcyNjM0MTYwMSUyMTVtMiUyMTFzcHQtQlIlMjEyc2JyJTIyJTIwd2lkdGglM0QlMjI2MDAlMjIlMjBoZWlnaHQlM0QlMjI0NTAlMjIlMjBzdHlsZSUzRCUyMmJvcmRlciUzQTAlM0IlMjIlMjBhbGxvd2Z1bGxzY3JlZW4lM0QlMjIlMjIlMjBsb2FkaW5nJTNEJTIybGF6eSUyMiUzRSUzQyUyRmlmcmFtZSUzRQ==&#8221; size=&#8221;200&#8243;][\/vc_column][\/vc_row][vc_row full_width=&#8221;stretch_row&#8221; hide_bg_image_on_tablet=&#8221;&#8221; hide_bg_image_on_mobile=&#8221;&#8221; css=&#8221;.vc_custom_1639654185150{background-image: url(http:\/\/maisdente.com.br\/wp-content\/uploads\/2021\/11\/CONTATO-1.png?id=1119) !important;background-position: center !important;background-repeat: no-repeat !important;background-size: cover !important;}&#8221; el_id=&#8221;contato&#8221;][vc_column][vc_empty_space alter_height=&#8221;medium&#8221; hide_on_desktop=&#8221;&#8221; hide_on_notebook=&#8221;&#8221; hide_on_tablet=&#8221;&#8221; hide_on_mobile=&#8221;&#8221;][\/vc_column][vc_column width=&#8221;1\/2&#8243;][\/vc_column][vc_column width=&#8221;1\/2&#8243;]<div id=\"sc_title_1511599268\"\n\t\tclass=\"sc_title color_style_link3 sc_title_default\"><h6 class=\"sc_item_subtitle sc_title_subtitle sc_align_left sc_item_title_style_default\"><span>TEM ALGUMA D\u00daVIDA?<\/span><\/h6><h2 class=\"sc_item_title sc_title_title sc_align_left sc_item_title_style_default sc_item_title_tag\">DEIXE AQUI SEU CONTATO<\/h2><\/div><!-- \/.sc_title --><div role=\"form\" class=\"wpcf7\" id=\"wpcf7-f1121-o1\" lang=\"en-US\" dir=\"ltr\">\n<div class=\"screen-reader-response\"><p role=\"status\" aria-live=\"polite\" aria-atomic=\"true\"><\/p> <ul><\/ul><\/div>\n<form action=\"\/index.php\/wp-json\/wp\/v2\/pages\/459#wpcf7-f1121-o1\" method=\"post\" class=\"wpcf7-form init\" novalidate=\"novalidate\" data-status=\"init\">\n<div style=\"display: none;\">\n<input type=\"hidden\" name=\"_wpcf7\" value=\"1121\" \/>\n<input type=\"hidden\" name=\"_wpcf7_version\" value=\"5.5.2\" \/>\n<input type=\"hidden\" name=\"_wpcf7_locale\" value=\"en_US\" \/>\n<input type=\"hidden\" name=\"_wpcf7_unit_tag\" value=\"wpcf7-f1121-o1\" \/>\n<input type=\"hidden\" name=\"_wpcf7_container_post\" value=\"0\" \/>\n<input type=\"hidden\" name=\"_wpcf7_posted_data_hash\" value=\"\" \/>\n<input type=\"hidden\" name=\"_wpcf7_recaptcha_response\" value=\"\" \/>\n<\/div>\n<div class=\"flex\">\n<div class='itm row'><span class=\"wpcf7-form-control-wrap seu-nome\"><input type=\"text\" name=\"seu-nome\" value=\"\" size=\"40\" class=\"wpcf7-form-control wpcf7-text wpcf7-validates-as-required\" aria-required=\"true\" aria-invalid=\"false\" placeholder=\"Seu Nome*\" \/><\/span><\/div>\n<div class='itm row'><span class=\"wpcf7-form-control-wrap seu-telefone\"><input type=\"text\" name=\"seu-telefone\" value=\"\" size=\"40\" class=\"wpcf7-form-control wpcf7-text wpcf7-validates-as-required\" aria-required=\"true\" aria-invalid=\"false\" placeholder=\"Seu Telefone*\" \/><\/span><\/div>\n<\/div>\n<div class=\"flex\">\n<div class='itm row' ><span class=\"wpcf7-form-control-wrap seu-email\"><input type=\"email\" name=\"seu-email\" value=\"\" size=\"40\" class=\"wpcf7-form-control wpcf7-text wpcf7-email wpcf7-validates-as-required wpcf7-validates-as-email\" aria-required=\"true\" aria-invalid=\"false\" placeholder=\"Seu E-mail*\" \/><\/span><\/div>\n<div class='itm row'><span class=\"wpcf7-form-control-wrap seu-interesse\"><input type=\"text\" name=\"seu-interesse\" value=\"\" size=\"40\" class=\"wpcf7-form-control wpcf7-text wpcf7-validates-as-required\" aria-required=\"true\" aria-invalid=\"false\" placeholder=\"Seu Interesse*\" \/><\/span><\/div>\n<\/div>\n<div class=''><span class=\"wpcf7-form-control-wrap sua-mensagem\"><textarea name=\"sua-mensagem\" cols=\"40\" rows=\"10\" class=\"wpcf7-form-control wpcf7-textarea wpcf7-validates-as-required\" aria-required=\"true\" aria-invalid=\"false\" placeholder=\"Sua Mensagem*\"><\/textarea><\/span><\/div>\n<div class=\"sc_form_field sc_form_field_button sc_form_field_submit\"><input type=\"submit\" value=\"ENVIAR\" class=\"wpcf7-form-control has-spinner wpcf7-submit\" \/><\/div>\n<div class=\"wpcf7-response-output\" aria-hidden=\"true\"><\/div><\/form><\/div>[\/vc_column][vc_column][vc_empty_space alter_height=&#8221;medium&#8221; hide_on_desktop=&#8221;&#8221; hide_on_notebook=&#8221;&#8221; hide_on_tablet=&#8221;&#8221; hide_on_mobile=&#8221;&#8221;][\/vc_column][\/vc_row]<\/p>\n","protected":false},"excerpt":{"rendered":"<p>[vc_row full_width=&#8221;stretch_row_content&#8221; css=&#8221;.vc_custom_1645078623127{background-color: #a07822 !important;}&#8221;][vc_column width=&#8221;1\/4&#8243;][\/vc_column][vc_column width=&#8221;1\/4&#8243;][vc_single_image image=&#8221;1360&#8243; img_size=&#8221;367X92&#8243; onclick=&#8221;custom_link&#8221; link=&#8221;https:\/\/api.whatsapp.com\/send\/?phone=5571993239941&amp;text&amp;app_absent=0&#8243;][\/vc_column][vc_column width=&#8221;1\/4&#8243;][vc_single_image image=&#8221;1361&#8243; img_size=&#8221;367X92&#8243; onclick=&#8221;custom_link&#8221; link=&#8221;tel:7132522986&#8243;][\/vc_column][vc_column width=&#8221;1\/4&#8243;][\/vc_column][\/vc_row][vc_row full_width=&#8221;stretch_row_content_no_spaces&#8221; css=&#8221;.vc_custom_1637722764395{background-color: #000000 !important;}&#8221;][vc_column][vc_gallery type=&#8221;nivo&#8221; interval=&#8221;5&#8243; images=&#8221;1021&#8243; img_size=&#8221;full&#8221; onclick=&#8221;&#8221;][vc_empty_space alter_height=&#8221;medium&#8221; hide_on_desktop=&#8221;&#8221; hide_on_notebook=&#8221;&#8221; hide_on_tablet=&#8221;&#8221; hide_on_mobile=&#8221;&#8221;][\/vc_column][\/vc_row][vc_row full_width=&#8221;stretch_row&#8221; full_height=&#8221;yes&#8221; content_placement=&#8221;middle&#8221; scheme=&#8221;default&#8221; hide_bg_image_on_tablet=&#8221;&#8221; hide_bg_image_on_mobile=&#8221;&#8221; el_class=&#8221;sc_layouts_741&#8243; css=&#8221;.vc_custom_1637743197591{background-color: #000000 !important;}&#8221; el_id=&#8221;especialidades&#8221;][vc_column hide_bg_image_on_tablet=&#8221;&#8221; hide_bg_image_on_mobile=&#8221;&#8221; icons_position=&#8221;left&#8221; css=&#8221;.vc_custom_1637737546715{background-color: #000000 !important;background-size: cover !important;}&#8221; offset=&#8221;vc_col-md-6&#8243;][vc_empty_space hide_on_desktop=&#8221;&#8221; hide_on_notebook=&#8221;&#8221; hide_on_tablet=&#8221;&#8221; hide_on_mobile=&#8221;&#8221;][\/vc_column][vc_column icons_position=&#8221;left&#8221; offset=&#8221;vc_col-md-6&#8243; css=&#8221;.vc_custom_1637737535944{background-color: #000000 !important;}&#8221;][vc_empty_space&hellip;<\/p>\n","protected":false},"author":1,"featured_media":0,"parent":0,"menu_order":0,"comment_status":"closed","ping_status":"closed","template":"","meta":{"_monsterinsights_skip_tracking":false,"_monsterinsights_sitenote_active":false,"_monsterinsights_sitenote_note":"","_monsterinsights_sitenote_category":0},"_links":{"self":[{"href":"https:\/\/maisdente.com.br\/index.php\/wp-json\/wp\/v2\/pages\/459"}],"collection":[{"href":"https:\/\/maisdente.com.br\/index.php\/wp-json\/wp\/v2\/pages"}],"about":[{"href":"https:\/\/maisdente.com.br\/index.php\/wp-json\/wp\/v2\/types\/page"}],"author":[{"embeddable":true,"href":"https:\/\/maisdente.com.br\/index.php\/wp-json\/wp\/v2\/users\/1"}],"replies":[{"embeddable":true,"href":"https:\/\/maisdente.com.br\/index.php\/wp-json\/wp\/v2\/comments?post=459"}],"version-history":[{"count":179,"href":"https:\/\/maisdente.com.br\/index.php\/wp-json\/wp\/v2\/pages\/459\/revisions"}],"predecessor-version":[{"id":1403,"href":"https:\/\/maisdente.com.br\/index.php\/wp-json\/wp\/v2\/pages\/459\/revisions\/1403"}],"wp:attachment":[{"href":"https:\/\/maisdente.com.br\/index.php\/wp-json\/wp\/v2\/media?parent=459"}],"curies":[{"name":"wp","href":"https:\/\/api.w.org\/{rel}","templated":true}]}}